{"id":3,"date":"2025-11-06T16:41:07","date_gmt":"2025-11-06T13:41:07","guid":{"rendered":"http:\/\/bigbassslotgames.com\/?page_id=3"},"modified":"2025-11-21T13:29:24","modified_gmt":"2025-11-21T10:29:24","slug":"privacy-policy","status":"publish","type":"page","link":"https:\/\/bigbassslotgames.com\/de\/datenschutzrichtlinie\/","title":{"rendered":"Datenschutzrichtlinie von BigBassSlotGames.com"},"content":{"rendered":"<h2 class=\"wp-block-heading\"><strong>1. Wer wir sind<\/strong><\/h2>\n\n\n\n<p>Big Bass Slot Games (die \u201cWebsite\u201d) befindet sich unter: https:\/\/bigbassslotgames.com\/.<\/p>\n\n\n\n<p>Die Website ist informativ: Wir ver\u00f6ffentlichen Bewertungen, Leitf\u00e4den und Referenzmaterialien \u00fcber Big Bass slot games.<\/p>\n\n\n\n<p>Wenn Sie Fragen zum Datenschutz haben, k\u00f6nnen Sie die Website-Administration \u00fcber unser Kontaktformular kontaktieren: https:\/\/bigbassslotgames.com\/contact\/.<\/p>\n\n\n\n<h3 class=\"wp-block-heading\"><strong>2. Welche Daten wir sammeln<\/strong><\/h3>\n\n\n\n<p>Die Website bietet <strong>keine<\/strong> Registrierung, Benutzerkonten, Abonnements, Kommentare oder andere M\u00f6glichkeiten zur \u00dcbermittlung pers\u00f6nlicher Daten (au\u00dfer dem Kontaktformular).<\/p>\n\n\n\n<p>W\u00e4hrend eines normalen Besuchs erhalten wir m\u00f6glicherweise nur <strong>technische Daten<\/strong> die automatisch von Ihrem Browser und unserem Server gesendet werden, einschlie\u00dflich:<\/p>\n\n\n\n<ul class=\"wp-block-list\">\n<li>Ihre Ger\u00e4te-IP-Adresse;<\/li>\n\n\n\n<li>Browsertyp und -version, Benutzer-Agent;<\/li>\n\n\n\n<li>Schnittstellensprache und grundlegende Ger\u00e4te-\/Bildschirmparameter;<\/li>\n\n\n\n<li>die Seite, von der Sie gekommen sind (Referrer);<\/li>\n\n\n\n<li>Besuchszeit und angeforderte URLs auf der Website.<\/li>\n<\/ul>\n\n\n\n<p>Wir verwenden diese Daten nicht, um Sie pers\u00f6nlich zu identifizieren. Unter EU-Recht kann dies jedoch dennoch als pers\u00f6nliche Daten betrachtet werden.<\/p>\n\n\n\n<h3 class=\"wp-block-heading\"><strong>3. Warum wir diese Daten verarbeiten und rechtliche Grundlage<\/strong><\/h3>\n\n\n\n<p>Technische Daten sind notwendig f\u00fcr:<\/p>\n\n\n\n<ul class=\"wp-block-list\">\n<li>den ordnungsgem\u00e4\u00dfen Betrieb der Website und den Schutz vor Missbrauch;<\/li>\n\n\n\n<li>Fehlerbehebung und Leistungsverbesserung;<\/li>\n\n\n\n<li>Basisbesuchsstatistiken auf Serverebene (ohne Profiling).<\/li>\n<\/ul>\n\n\n\n<p>Die rechtliche Grundlage f\u00fcr die Verarbeitung ist unser <strong>berechtigtes Interesse<\/strong> an der Betrieb und Sicherung der Website.<\/p>\n\n\n\n<h3 class=\"wp-block-heading\"><strong>4. Kontaktformular<\/strong><\/h3>\n\n\n\n<p>Wenn Sie uns \u00fcber das Formular kontaktieren, stellen Sie freiwillig die Informationen zur Verf\u00fcgung, die Sie in Ihrer Nachricht enthalten.<\/p>\n\n\n\n<p>Wir verwenden sie <strong>nur, um auf Ihre Anfrage zu antworten<\/strong> und nutzen sie nicht f\u00fcr Marketing oder Newsletter.<\/p>\n\n\n\n<h3 class=\"wp-block-heading\"><strong>5. Cookies und \u00e4hnliche Technologien<\/strong><\/h3>\n\n\n\n<p>Wir konfigurieren oder verwenden Cookies f\u00fcr Werbung, Analysen oder Benutzerverfolgung. <strong>keine<\/strong> Allerdings:.<\/p>\n\n\n\n<p>Die Website l\u00e4uft auf einer Standard-Webplattform, sodass<\/p>\n\n\n\n<ul class=\"wp-block-list\">\n<li>minimale technische Cookies <strong>automatisch von Ihrem Browser oder der Website-Engine f\u00fcr grundlegende Funktionen gesetzt werden k\u00f6nnen (zum Beispiel tempor\u00e4re Sitzungseinstellungen).<\/strong> Wenn Sie externe Websites besuchen,.<\/li>\n\n\n\n<li>k\u00f6nnen diese ihre eigenen Cookies setzen., <strong>Dies unterliegt ihren eigenen Datenschutzrichtlinien.<\/strong>. This is governed by their own privacy policies.<\/li>\n<\/ul>\n\n\n\n<p>Wenn wir jemals Analysen oder Werbe-Cookies hinzuf\u00fcgen, werden wir diese Richtlinie aktualisieren und, wo es die ePrivacy-Regeln erfordern, eine Einwilligungsanfrage anzeigen.<\/p>\n\n\n\n<h3 class=\"wp-block-heading\"><strong>6. Eingebettete Inhalte und Dienste von Drittanbietern<\/strong><\/h3>\n\n\n\n<p>Seiten auf der Website k\u00f6nnen eingebettete Inhalte von Drittanbietern enthalten (zum Beispiel demo Spiele, Videos, Widgets).<\/p>\n\n\n\n<p>Solche Inhalte verhalten sich so, als ob Sie die Website des Drittanbieters direkt besucht h\u00e4tten. Diese Dienste k\u00f6nnen:<\/p>\n\n\n\n<ul class=\"wp-block-list\">\n<li>technische Daten sammeln;<\/li>\n\n\n\n<li>Cookies oder andere Tracking-Tools verwenden;<\/li>\n\n\n\n<li>Ihre Interaktion mit ihren eingebetteten Inhalten verfolgen.<\/li>\n<\/ul>\n\n\n\n<p>Wir kontrollieren nicht, wie Drittanbieter Daten verarbeiten. Bevor Sie mit eingebetteten Inhalten interagieren, empfehlen wir, die Datenschutzrichtlinien der betreffenden Dienste zu \u00fcberpr\u00fcfen.<\/p>\n\n\n\n<h3 class=\"wp-block-heading\"><strong>7. Affiliate-Links und Weiterleitungen<\/strong><\/h3>\n\n\n\n<p>Die Website kann Links zu Partner-Websites enthalten (zum Beispiel Online-Casinos). Manchmal werden diese Links \u00fcber interne Weiterleitungen wie \/go\/\u2026 geleitet.<\/p>\n\n\n\n<p>Wenn Sie auf einen Affiliate-Link klicken:<\/p>\n\n\n\n<ul class=\"wp-block-list\">\n<li>k\u00f6nnen wir nur den Klick und die Seite, von der Sie gekommen sind, in technischen Serverprotokollen aufzeichnen;<\/li>\n\n\n\n<li>Sie gelangen dann zur Partnerseite, die Daten nach ihren eigenen Regeln verarbeitet.<\/li>\n<\/ul>\n\n\n\n<p>Wir teilen Ihre pers\u00f6nlichen Daten nicht direkt mit Partnern. Dennoch kann ein Partner technische Informationen von Ihrem Browser (IP-Adresse, User-Agent usw.) zum Zeitpunkt der Weiterleitung erhalten \u2013 das ist eine normale Funktionsweise von Links im Internet.<\/p>\n\n\n\n<h3 class=\"wp-block-heading\"><strong>8. Mit wem wir Daten teilen<\/strong><\/h3>\n\n\n\n<p>Wir konfigurieren oder verwenden Cookies f\u00fcr Werbung, Analysen oder Benutzerverfolgung. <strong>keine<\/strong> verkaufen oder \u00fcbertragen Sie Ihre Daten an Dritte.<\/p>\n\n\n\n<p>Der Zugriff auf technische Protokolle und Nachrichten aus Kontaktformularen kann nur f\u00fcr folgende Personen verf\u00fcgbar sein:<\/p>\n\n\n\n<ul class=\"wp-block-list\">\n<li>den Site-Administrator;<\/li>\n\n\n\n<li>technische Dienstleister (Hosting\/Infrastruktur), wo es zur Aufrechterhaltung des Betriebs der Website erforderlich ist.<\/li>\n<\/ul>\n\n\n\n<p>Sie verarbeiten Daten nur nach unseren Anweisungen und ausschlie\u00dflich zu Wartungszwecken der Website.<\/p>\n\n\n\n<h3 class=\"wp-block-heading\"><strong>9. Wie lange wir Daten speichern<\/strong><\/h3>\n\n\n\n<ul class=\"wp-block-list\">\n<li>Serverprotokolle werden f\u00fcr einen begrenzten Zeitraum gespeichert, der f\u00fcr Sicherheits- und Diagnosetests erforderlich ist, und anschlie\u00dfend gel\u00f6scht oder \u00fcberschrieben.<\/li>\n\n\n\n<li>Nachrichten \u00fcber das Kontaktformular werden nur so lange gespeichert, wie es zur Bearbeitung Ihrer Anfrage erforderlich ist, und k\u00f6nnen danach gel\u00f6scht werden.<\/li>\n<\/ul>\n\n\n\n<h3 class=\"wp-block-heading\"><strong>10. Ihre Rechte<\/strong><\/h3>\n\n\n\n<p>Wenn Sie sich in der EU\/EEA befinden, haben Sie Rechte bez\u00fcglich Ihrer personenbezogenen Daten, einschlie\u00dflich:<\/p>\n\n\n\n<ul class=\"wp-block-list\">\n<li>Informationen dar\u00fcber zu erhalten, welche Daten wir verarbeiten;<\/li>\n\n\n\n<li>eine Kopie Ihrer Daten anzufordern;<\/li>\n\n\n\n<li>Korrektur oder L\u00f6schung zu beantragen;<\/li>\n\n\n\n<li>die Verarbeitung einzuschr\u00e4nken;<\/li>\n\n\n\n<li>der Verarbeitung auf der Grundlage eines berechtigten Interesses zu widersprechen;<\/li>\n\n\n\n<li>eine Beschwerde bei Ihrer nationalen Datenschutzbeh\u00f6rde einzureichen.<\/li>\n<\/ul>\n\n\n\n<p>Um eines dieser Rechte auszu\u00fcben, kontaktieren Sie uns \u00fcber das Formular: https:\/\/bigbassslotgames.com\/contact\/.<\/p>\n\n\n\n<h3 class=\"wp-block-heading\"><strong>11. \u00c4nderungen dieser Richtlinie<\/strong><\/h3>\n\n\n\n<p>Wir k\u00f6nnen diese Richtlinie aktualisieren, wenn sich die Funktionalit\u00e4t der Website \u00e4ndert oder rechtliche Anforderungen weiterentwickeln. Die aktuelle Version wird immer auf dieser Seite ver\u00f6ffentlicht.<\/p>","protected":false},"excerpt":{"rendered":"1. Wer wir sind Big Bass Slot Games (die \u201cWebsite\u201d) befindet sich unter: https:\/\/bigbassslotgames.com\/. Die Website ist informativ\u2026","protected":false},"author":1,"featured_media":0,"parent":0,"menu_order":0,"comment_status":"closed","ping_status":"open","template":"","meta":{"csco_display_header_overlay":false,"csco_singular_sidebar":"","csco_page_header_type":"","footnotes":""},"class_list":{"0":"post-3","1":"page","2":"type-page","3":"status-publish","5":"cs-entry"},"aioseo_notices":[],"_links":{"self":[{"href":"https:\/\/bigbassslotgames.com\/de\/wp-json\/wp\/v2\/pages\/3","targetHints":{"allow":["GET"]}}],"collection":[{"href":"https:\/\/bigbassslotgames.com\/de\/wp-json\/wp\/v2\/pages"}],"about":[{"href":"https:\/\/bigbassslotgames.com\/de\/wp-json\/wp\/v2\/types\/page"}],"author":[{"embeddable":true,"href":"https:\/\/bigbassslotgames.com\/de\/wp-json\/wp\/v2\/users\/1"}],"replies":[{"embeddable":true,"href":"https:\/\/bigbassslotgames.com\/de\/wp-json\/wp\/v2\/comments?post=3"}],"version-history":[{"count":0,"href":"https:\/\/bigbassslotgames.com\/de\/wp-json\/wp\/v2\/pages\/3\/revisions"}],"wp:attachment":[{"href":"https:\/\/bigbassslotgames.com\/de\/wp-json\/wp\/v2\/media?parent=3"}],"curies":[{"name":"wp","href":"https:\/\/api.w.org\/{rel}","templated":true}]}}