{"id":3,"date":"2025-11-06T16:41:07","date_gmt":"2025-11-06T13:41:07","guid":{"rendered":"http:\/\/bigbassslotgames.com\/?page_id=3"},"modified":"2025-11-21T13:29:24","modified_gmt":"2025-11-21T10:29:24","slug":"privacy-policy","status":"publish","type":"page","link":"https:\/\/bigbassslotgames.com\/fi\/tietosuojakaytanto\/","title":{"rendered":"BigBassSlotGames.comin tietosuojak\u00e4yt\u00e4nt\u00f6"},"content":{"rendered":"<h2 class=\"wp-block-heading\"><strong>1. Keit\u00e4 me olemme<\/strong><\/h2>\n\n\n\n<p>Big Bass Slot Games (\u201cSivusto\u201d) sijaitsee osoitteessa: https:\/\/bigbassslotgames.com\/.<\/p>\n\n\n\n<p>Sivusto on luonteeltaan informatiivinen: julkaisemme arvosteluja, oppaita ja viitetietoja Big Bass slot games:sta.<\/p>\n\n\n\n<p>Jos sinulla on kysymyksi\u00e4, jotka liittyv\u00e4t yksityisyyteen, voit ottaa yhteytt\u00e4 Sivuston hallintoon yhteydenottolomakkeen kautta: https:\/\/bigbassslotgames.com\/contact\/.<\/p>\n\n\n\n<h3 class=\"wp-block-heading\"><strong>2. Mit\u00e4 tietoja ker\u00e4\u00e4mme<\/strong><\/h3>\n\n\n\n<p>Sivusto ei <strong>tarjoa<\/strong> rekister\u00f6itymist\u00e4, k\u00e4ytt\u00e4j\u00e4tili\u00e4, tilauksia, kommentteja tai mit\u00e4\u00e4n muuta tapaa l\u00e4hett\u00e4\u00e4 henkil\u00f6tietoja (paitsi yhteydenottolomakkeen).<\/p>\n\n\n\n<p>Normaalin vierailun aikana voimme vastaanottaa vain <strong>teknisi\u00e4 tietoja<\/strong> jotka selainsi ja palvelimemme l\u00e4hett\u00e4v\u00e4t automaattisesti, mukaan lukien:<\/p>\n\n\n\n<ul class=\"wp-block-list\">\n<li>laitteesi IP-osoite;<\/li>\n\n\n\n<li>selain tyyppi ja versio, k\u00e4ytt\u00e4j\u00e4-agentti;<\/li>\n\n\n\n<li>k\u00e4ytt\u00f6liittym\u00e4n kieli ja peruslaitteen\/n\u00e4yt\u00f6n parametrit;<\/li>\n\n\n\n<li>sivu, jolta tulit (viittaus);<\/li>\n\n\n\n<li>vierailuaika ja pyydetyt URL-osoitteet Sivustolla.<\/li>\n<\/ul>\n\n\n\n<p>Emme k\u00e4yt\u00e4 n\u00e4it\u00e4 tietoja henkil\u00f6llisyytesi tunnistamiseen. Kuitenkin EU-lain mukaan niit\u00e4 voidaan silti pit\u00e4\u00e4 henkil\u00f6tietoina.<\/p>\n\n\n\n<h3 class=\"wp-block-heading\"><strong>3. Miksi k\u00e4sittelemme n\u00e4it\u00e4 tietoja ja oikeudellinen peruste<\/strong><\/h3>\n\n\n\n<p>Tekniset tiedot ovat tarpeen:<\/p>\n\n\n\n<ul class=\"wp-block-list\">\n<li>Sivuston asianmukaiselle toiminnalle ja v\u00e4\u00e4rink\u00e4yt\u00f6ksilt\u00e4 suojaamiselle;<\/li>\n\n\n\n<li>ongelmien vianetsint\u00e4 ja suorituskyvyn parantaminen;<\/li>\n\n\n\n<li>perustason k\u00e4vij\u00e4tilastot palvelin tasolla (ilman profilointia).<\/li>\n<\/ul>\n\n\n\n<p>K\u00e4sittelyn oikeudellinen peruste on meid\u00e4n <strong>oikeutettu etumme<\/strong> sivuston yll\u00e4pit\u00e4misess\u00e4 ja suojaamisessa.<\/p>\n\n\n\n<h3 class=\"wp-block-heading\"><strong>4. Yhteydenottolomake<\/strong><\/h3>\n\n\n\n<p>Jos otat meihin yhteytt\u00e4 lomakkeen kautta, annat vapaaehtoisesti tiedot, jotka sis\u00e4llyt\u00e4t viestiisi.<\/p>\n\n\n\n<p>K\u00e4yt\u00e4mme sit\u00e4 <strong>vain vastataksemme pyynt\u00f6si<\/strong> emmek\u00e4 k\u00e4yt\u00e4 sit\u00e4 markkinointiin tai uutiskirjeisiin.<\/p>\n\n\n\n<h3 class=\"wp-block-heading\"><strong>5. Ev\u00e4steet ja vastaavat teknologiat<\/strong><\/h3>\n\n\n\n<p>Me teemme <strong>tarjoa<\/strong> konfiguroimme tai k\u00e4yt\u00e4mme ev\u00e4steit\u00e4 mainontaan, analytiikkaan tai k\u00e4ytt\u00e4jien seurannan.<\/p>\n\n\n\n<p>Kuitenkin:<\/p>\n\n\n\n<ul class=\"wp-block-list\">\n<li>Sivusto toimii standardilla verkkoplatformilla, joten <strong>v\u00e4h\u00e4iset tekniset ev\u00e4steet<\/strong> voivat olla asetettu automaattisesti selaimesi tai verkkosivuston moottorin toimesta perustoiminnallisuutta varten (esimerkiksi tilap\u00e4iset istuntoasetukset).<\/li>\n\n\n\n<li>Kun vierailet ulkoisilla verkkosivustoilla, <strong>ne voivat asettaa omat ev\u00e4steens\u00e4.<\/strong>. T\u00e4t\u00e4 s\u00e4\u00e4telev\u00e4t niiden omat tietosuojak\u00e4yt\u00e4nn\u00f6t.<\/li>\n<\/ul>\n\n\n\n<p>Jos lis\u00e4\u00e4mme analytiikka- tai mainosev\u00e4lineit\u00e4, p\u00e4ivit\u00e4mme t\u00e4t\u00e4 k\u00e4yt\u00e4nt\u00f6\u00e4 ja, jos ePrivacy-s\u00e4\u00e4nn\u00f6t niin vaativat, n\u00e4yt\u00e4mme suostumuspyynn\u00f6n.<\/p>\n\n\n\n<h3 class=\"wp-block-heading\"><strong>6. Upotettu sis\u00e4lt\u00f6 ja kolmannen osapuolen palvelut<\/strong><\/h3>\n\n\n\n<p>Sivustolla voi olla upotettua kolmannen osapuolen sis\u00e4lt\u00f6\u00e4 (esimerkiksi demo pelej\u00e4, videoita, widgettej\u00e4).<\/p>\n\n\n\n<p>T\u00e4llainen sis\u00e4lt\u00f6 k\u00e4ytt\u00e4ytyy kuin olisit vieraillut suoraan kolmannen osapuolen verkkosivustolla. N\u00e4m\u00e4 palvelut voivat:<\/p>\n\n\n\n<ul class=\"wp-block-list\">\n<li>ker\u00e4t\u00e4 teknisi\u00e4 tietoja;<\/li>\n\n\n\n<li>k\u00e4ytt\u00e4\u00e4 ev\u00e4steit\u00e4 tai muita seurantaty\u00f6kaluja;<\/li>\n\n\n\n<li>seurata vuorovaikutustasi heid\u00e4n upotetun sis\u00e4lt\u00f6ns\u00e4 kanssa.<\/li>\n<\/ul>\n\n\n\n<p>Emme hallitse, miten kolmannet osapuolet k\u00e4sittelev\u00e4t tietoja. Ennen vuorovaikutusta upotetun sis\u00e4ll\u00f6n kanssa suosittelemme tarkistamaan asiaankuuluvien palveluiden tietosuojak\u00e4yt\u00e4nn\u00f6t.<\/p>\n\n\n\n<h3 class=\"wp-block-heading\"><strong>7. Kumppanilinkit ja uudelleenohjaukset<\/strong><\/h3>\n\n\n\n<p>Sivustolla voi olla linkkej\u00e4 kumppaniverkkosivustoille (esimerkiksi nettikasinoille). Joskus n\u00e4m\u00e4 linkit ohjataan sis\u00e4isten uudelleenohjausten kautta, kuten \/go\/\u2026.<\/p>\n\n\n\n<p>Kun napsautat kumppanilinkki\u00e4:<\/p>\n\n\n\n<ul class=\"wp-block-list\">\n<li>voimme tallentaa vain napsautuksen ja sivun, jolta poistuit, teknisiin palvelinlokitietoihin;<\/li>\n\n\n\n<li>siirryt sitten kumppanisivustolle, joka k\u00e4sittelee tietoja omien s\u00e4\u00e4nt\u00f6jens\u00e4 mukaan.<\/li>\n<\/ul>\n\n\n\n<p>Emme jaa henkil\u00f6kohtaisia tietojasi suoraan kumppaneille. Silti kumppani voi saada teknisi\u00e4 tietoja selaimestasi (IP-osoite, k\u00e4ytt\u00e4j\u00e4-agentti jne.) uudelleenohjauksen hetkell\u00e4 \u2014 t\u00e4m\u00e4 on normaali tapa, jolla linkit toimivat internetiss\u00e4.<\/p>\n\n\n\n<h3 class=\"wp-block-heading\"><strong>8. Kenelle jaamme tietoja<\/strong><\/h3>\n\n\n\n<p>Me teemme <strong>tarjoa<\/strong> myyd\u00e4 tai siirt\u00e4\u00e4 tietojasi kolmansille osapuolille.<\/p>\n\n\n\n<p>P\u00e4\u00e4sy teknisiin lokitietoihin ja yhteydenottolomakkeen viesteihin voi olla saatavilla vain:<\/p>\n\n\n\n<ul class=\"wp-block-list\">\n<li>sivuston yll\u00e4pit\u00e4j\u00e4lle;<\/li>\n\n\n\n<li>teknisille palveluntarjoajille (is\u00e4nn\u00f6inti\/infrastruktuuri), kun se on tarpeen sivuston toiminnan yll\u00e4pit\u00e4miseksi.<\/li>\n<\/ul>\n\n\n\n<p>He k\u00e4sittelev\u00e4t tietoja vain ohjeidemme mukaan ja ainoastaan sivuston yll\u00e4pitotarkoituksiin.<\/p>\n\n\n\n<h3 class=\"wp-block-heading\"><strong>9. Kuinka kauan s\u00e4ilyt\u00e4mme tietoja<\/strong><\/h3>\n\n\n\n<ul class=\"wp-block-list\">\n<li>Palvelinlokit s\u00e4ilytet\u00e4\u00e4n rajoitetun ajan, joka on tarpeen turvallisuuden ja diagnostiikan vuoksi, ja ne poistetaan tai ylikirjoitetaan sen j\u00e4lkeen.<\/li>\n\n\n\n<li>Yhteydenottolomakkeen viestej\u00e4 s\u00e4ilytet\u00e4\u00e4n vain niin kauan kuin on tarpeen pyynt\u00f6si ratkaisemiseksi, ja ne voidaan poistaa sen j\u00e4lkeen.<\/li>\n<\/ul>\n\n\n\n<h3 class=\"wp-block-heading\"><strong>10. Oikeutesi<\/strong><\/h3>\n\n\n\n<p>Jos olet EU\/ETA-alueella, sinulla on oikeuksia henkil\u00f6tietojesi suhteen, mukaan lukien:<\/p>\n\n\n\n<ul class=\"wp-block-list\">\n<li>oikeus saada tietoa siit\u00e4, mit\u00e4 tietoja k\u00e4sittelemme;<\/li>\n\n\n\n<li>oikeus pyyt\u00e4\u00e4 kopio tietojasi;<\/li>\n\n\n\n<li>oikeus pyyt\u00e4\u00e4 korjausta tai poistamista;<\/li>\n\n\n\n<li>oikeus rajoittaa k\u00e4sittely\u00e4;<\/li>\n\n\n\n<li>oikeus vastustaa k\u00e4sittely\u00e4, joka perustuu oikeutettuun etuun;<\/li>\n\n\n\n<li>oikeus tehd\u00e4 valitus kansalliselle tietosuojaviranomaisellesi.<\/li>\n<\/ul>\n\n\n\n<p>Voit k\u00e4ytt\u00e4\u00e4 n\u00e4it\u00e4 oikeuksia ottamalla meihin yhteytt\u00e4 lomakkeen kautta: https:\/\/bigbassslotgames.com\/contact\/.<\/p>\n\n\n\n<h3 class=\"wp-block-heading\"><strong>11. Muutokset t\u00e4h\u00e4n politiikkaan<\/strong><\/h3>\n\n\n\n<p>Saatamme p\u00e4ivitt\u00e4\u00e4 t\u00e4t\u00e4 politiikkaa, jos sivuston toiminnallisuus muuttuu tai lains\u00e4\u00e4d\u00e4nt\u00f6vaatimukset kehittyv\u00e4t. Nykyinen versio julkaistaan aina t\u00e4ll\u00e4 sivulla.<\/p>","protected":false},"excerpt":{"rendered":"1. Me olemme Big Bass Slot Games (\u201cSivusto\u201d) osoitteessa: https:\/\/bigbassslotgames.com\/. Sivusto on informatiivinen\u2026","protected":false},"author":1,"featured_media":0,"parent":0,"menu_order":0,"comment_status":"closed","ping_status":"open","template":"","meta":{"csco_display_header_overlay":false,"csco_singular_sidebar":"","csco_page_header_type":"","footnotes":""},"class_list":{"0":"post-3","1":"page","2":"type-page","3":"status-publish","5":"cs-entry"},"aioseo_notices":[],"_links":{"self":[{"href":"https:\/\/bigbassslotgames.com\/fi\/wp-json\/wp\/v2\/pages\/3","targetHints":{"allow":["GET"]}}],"collection":[{"href":"https:\/\/bigbassslotgames.com\/fi\/wp-json\/wp\/v2\/pages"}],"about":[{"href":"https:\/\/bigbassslotgames.com\/fi\/wp-json\/wp\/v2\/types\/page"}],"author":[{"embeddable":true,"href":"https:\/\/bigbassslotgames.com\/fi\/wp-json\/wp\/v2\/users\/1"}],"replies":[{"embeddable":true,"href":"https:\/\/bigbassslotgames.com\/fi\/wp-json\/wp\/v2\/comments?post=3"}],"version-history":[{"count":0,"href":"https:\/\/bigbassslotgames.com\/fi\/wp-json\/wp\/v2\/pages\/3\/revisions"}],"wp:attachment":[{"href":"https:\/\/bigbassslotgames.com\/fi\/wp-json\/wp\/v2\/media?parent=3"}],"curies":[{"name":"wp","href":"https:\/\/api.w.org\/{rel}","templated":true}]}}