{"id":3,"date":"2025-11-06T16:41:07","date_gmt":"2025-11-06T13:41:07","guid":{"rendered":"http:\/\/bigbassslotgames.com\/?page_id=3"},"modified":"2025-11-21T13:29:24","modified_gmt":"2025-11-21T10:29:24","slug":"privacy-policy","status":"publish","type":"page","link":"https:\/\/bigbassslotgames.com\/hu\/adatvedelmi-iranyelv\/","title":{"rendered":"A BigBassSlotGames.com adatv\u00e9delmi ir\u00e1nyelvei"},"content":{"rendered":"<h2 class=\"wp-block-heading\"><strong>1. Kik vagyunk<\/strong><\/h2>\n\n\n\n<p>Big Bass Slot Games (a \u201cWebhely\u201d) itt tal\u00e1lhat\u00f3: https:\/\/bigbassslotgames.com\/.<\/p>\n\n\n\n<p>A Webhely t\u00e1j\u00e9koztat\u00f3 jelleg\u0171: v\u00e9lem\u00e9nyeket, \u00fatmutat\u00f3kat \u00e9s referenciaanyagokat tesz k\u00f6zz\u00e9 a Big Bass slot games-r\u00f3l.<\/p>\n\n\n\n<p>Ha b\u00e1rmilyen adatv\u00e9delmi k\u00e9rd\u00e9se van, l\u00e9pjen kapcsolatba a Webhely adminisztr\u00e1ci\u00f3j\u00e1val a kapcsolatfelv\u00e9teli \u0171rlapunkon kereszt\u00fcl: https:\/\/bigbassslotgames.com\/contact\/.<\/p>\n\n\n\n<h3 class=\"wp-block-heading\"><strong>2. Milyen adatokat gy\u0171jt\u00fcnk<\/strong><\/h3>\n\n\n\n<p>A Webhely nem <strong>k\u00edn\u00e1l<\/strong> regisztr\u00e1ci\u00f3t, felhaszn\u00e1l\u00f3i fi\u00f3kokat, el\u0151fizet\u00e9seket, megjegyz\u00e9seket vagy b\u00e1rmilyen m\u00e1s m\u00f3dot a szem\u00e9lyes adatok beny\u00fajt\u00e1s\u00e1ra (kiv\u00e9ve a kapcsolatfelv\u00e9teli \u0171rlapot).<\/p>\n\n\n\n<p>Norm\u00e1l l\u00e1togat\u00e1s sor\u00e1n csak <strong>technikai adatokat<\/strong> kaphatunk, amelyeket a b\u00f6ng\u00e9sz\u0151je \u00e9s a szerver\u00fcnk automatikusan k\u00fcld, bele\u00e9rtve:<\/p>\n\n\n\n<ul class=\"wp-block-list\">\n<li>az \u00d6n eszk\u00f6z\u00e9nek IP-c\u00edm\u00e9t;<\/li>\n\n\n\n<li>a b\u00f6ng\u00e9sz\u0151 t\u00edpus\u00e1t \u00e9s verzi\u00f3j\u00e1t, felhaszn\u00e1l\u00f3i \u00fcgyn\u00f6k\u00e9t;<\/li>\n\n\n\n<li>a fel\u00fclet nyelv\u00e9t \u00e9s az alapvet\u0151 eszk\u00f6z\/k\u00e9perny\u0151 param\u00e9tereit;<\/li>\n\n\n\n<li>az oldalt, ahonnan \u00e9rkezett (hivatkoz\u00f3);<\/li>\n\n\n\n<li>a l\u00e1togat\u00e1s id\u0151pontj\u00e1t \u00e9s a Webhelyen k\u00e9rt URL-eket.<\/li>\n<\/ul>\n\n\n\n<p>Ezeket az adatokat nem haszn\u00e1ljuk az \u00d6n szem\u00e9lyes azonos\u00edt\u00e1s\u00e1ra. Az EU t\u00f6rv\u00e9nyei szerint azonban ez m\u00e9g mindig szem\u00e9lyes adatnak min\u0151s\u00fclhet.<\/p>\n\n\n\n<h3 class=\"wp-block-heading\"><strong>3. Mi\u00e9rt dolgozzuk fel ezeket az adatokat \u00e9s jogi alap<\/strong><\/h3>\n\n\n\n<p>A technikai adatok sz\u00fcks\u00e9gesek a:<\/p>\n\n\n\n<ul class=\"wp-block-list\">\n<li>Webhely megfelel\u0151 m\u0171k\u00f6d\u00e9s\u00e9hez \u00e9s a vissza\u00e9l\u00e9sek elleni v\u00e9delemhez;<\/li>\n\n\n\n<li>hibaelh\u00e1r\u00edt\u00e1s \u00e9s teljes\u00edtm\u00e9nyjav\u00edt\u00e1s;<\/li>\n\n\n\n<li>alapvet\u0151 l\u00e1togat\u00e1si statisztik\u00e1k a szerver szintj\u00e9n (profiloz\u00e1s n\u00e9lk\u00fcl).<\/li>\n<\/ul>\n\n\n\n<p>A feldolgoz\u00e1s jogi alapja a <strong>jogos \u00e9rdek\u00fcnk<\/strong> a webhely \u00fczemeltet\u00e9s\u00e9ben \u00e9s v\u00e9delm\u00e9ben.<\/p>\n\n\n\n<h3 class=\"wp-block-heading\"><strong>4. Kapcsolatfelv\u00e9teli \u0171rlap<\/strong><\/h3>\n\n\n\n<p>Ha kapcsolatba l\u00e9p vel\u00fcnk az \u0171rlapon kereszt\u00fcl, \u00f6nk\u00e9ntesen megadja az \u00fczenet\u00e9ben szerepl\u0151 inform\u00e1ci\u00f3kat.<\/p>\n\n\n\n<p>Ezt <strong>csak a k\u00e9r\u00e9s\u00e9re val\u00f3 v\u00e1laszad\u00e1sra haszn\u00e1ljuk<\/strong> \u00e9s nem haszn\u00e1ljuk marketing vagy h\u00edrlevelek c\u00e9lj\u00e1ra.<\/p>\n\n\n\n<h3 class=\"wp-block-heading\"><strong>5. Cookie-k \u00e9s hasonl\u00f3 technol\u00f3gi\u00e1k<\/strong><\/h3>\n\n\n\n<p>Mi <strong>k\u00edn\u00e1l<\/strong> konfigur\u00e1lunk vagy haszn\u00e1lunk cookie-kat hirdet\u00e9s, analitika vagy felhaszn\u00e1l\u00f3i nyomk\u00f6vet\u00e9s c\u00e9lj\u00e1b\u00f3l.<\/p>\n\n\n\n<p>Azonban:<\/p>\n\n\n\n<ul class=\"wp-block-list\">\n<li>A webhely egy standard webplatformon fut, \u00edgy <strong>minimalista technikai cookie-k<\/strong> automatikusan be\u00e1ll\u00edthat\u00f3k az \u00d6n b\u00f6ng\u00e9sz\u0151je vagy a weboldal motorja \u00e1ltal az alapfunkcionalit\u00e1s \u00e9rdek\u00e9ben (p\u00e9ld\u00e1ul ideiglenes munkamenet-be\u00e1ll\u00edt\u00e1sok).<\/li>\n\n\n\n<li>Amikor k\u00fcls\u0151 weboldalakat l\u00e1togat meg, <strong>azok saj\u00e1t cookie-kat \u00e1ll\u00edthatnak be.<\/strong>. Ez az \u0151 saj\u00e1t adatv\u00e9delmi ir\u00e1nyelveik \u00e1ltal van szab\u00e1lyozva.<\/li>\n<\/ul>\n\n\n\n<p>Ha valaha hozz\u00e1adunk analitik\u00e1t vagy hirdet\u00e9si s\u00fctiket, friss\u00edtj\u00fck ezt a Szab\u00e1lyzatot, \u00e9s ahol az ePrivacy szab\u00e1lyok megk\u00f6vetelik, beleegyez\u00e9si k\u00e9relmet mutatunk be.<\/p>\n\n\n\n<h3 class=\"wp-block-heading\"><strong>6. Be\u00e1gyazott Tartalom \u00e9s Harmadik F\u00e9l Szolg\u00e1ltat\u00e1sok<\/strong><\/h3>\n\n\n\n<p>A Webhely oldalain harmadik f\u00e9lt\u0151l sz\u00e1rmaz\u00f3 be\u00e1gyazott tartalom tal\u00e1lhat\u00f3 (p\u00e9ld\u00e1ul demo j\u00e1t\u00e9kok, vide\u00f3k, widgetek).<\/p>\n\n\n\n<p>Ez a tartalom \u00fagy viselkedik, mintha k\u00f6zvetlen\u00fcl a harmadik f\u00e9l weboldal\u00e1t l\u00e1togatn\u00e1d meg. Ezek a szolg\u00e1ltat\u00e1sok a k\u00f6vetkez\u0151ket tehetik:<\/p>\n\n\n\n<ul class=\"wp-block-list\">\n<li>technikai adatokat gy\u0171jtenek;<\/li>\n\n\n\n<li>s\u00fctiket vagy egy\u00e9b nyomk\u00f6vet\u0151 eszk\u00f6z\u00f6ket haszn\u00e1lnak;<\/li>\n\n\n\n<li>nyomon k\u00f6vetik az interakci\u00f3dat a be\u00e1gyazott tartalmukkal.<\/li>\n<\/ul>\n\n\n\n<p>Nem ellen\u0151rizz\u00fck, hogyan dolgozz\u00e1k fel az adatokat a harmadik felek. Miel\u0151tt interakci\u00f3ba l\u00e9pn\u00e9l a be\u00e1gyazott tartalommal, javasoljuk, hogy n\u00e9zd \u00e1t a vonatkoz\u00f3 szolg\u00e1ltat\u00e1sok adatv\u00e9delmi ir\u00e1nyelveit.<\/p>\n\n\n\n<h3 class=\"wp-block-heading\"><strong>7. Partner Linkek \u00e9s \u00c1tir\u00e1ny\u00edt\u00e1sok<\/strong><\/h3>\n\n\n\n<p>A Webhely tartalmazhat linkeket partner weboldalakra (p\u00e9ld\u00e1ul online kaszin\u00f3kra). N\u00e9ha ezek a linkek bels\u0151 \u00e1tir\u00e1ny\u00edt\u00e1sokon kereszt\u00fcl ker\u00fclnek \u00fatba, mint p\u00e9ld\u00e1ul \/go\/\u2026.<\/p>\n\n\n\n<p>Amikor r\u00e1kattintasz egy partnerlinkre:<\/p>\n\n\n\n<ul class=\"wp-block-list\">\n<li>csak a kattint\u00e1s t\u00e9ny\u00e9t \u00e9s az oldal c\u00edm\u00e9t r\u00f6gz\u00edthetj\u00fck a technikai szervernapl\u00f3kban;<\/li>\n\n\n\n<li>ezut\u00e1n a partner weboldal\u00e1ra ker\u00fclsz, amely saj\u00e1t szab\u00e1lyai szerint dolgozza fel az adatokat.<\/li>\n<\/ul>\n\n\n\n<p>Nem osztjuk meg k\u00f6zvetlen\u00fcl a szem\u00e9lyes adataidat a partnerekkel. Ennek ellen\u00e9re egy partner technikai inform\u00e1ci\u00f3kat kaphat a b\u00f6ng\u00e9sz\u0151db\u0151l (IP c\u00edm, felhaszn\u00e1l\u00f3i \u00fcgyn\u00f6k stb.) az \u00e1tir\u00e1ny\u00edt\u00e1s pillanat\u00e1ban \u2014 ez a linkek norm\u00e1lis m\u0171k\u00f6d\u00e9si m\u00f3dja az interneten.<\/p>\n\n\n\n<h3 class=\"wp-block-heading\"><strong>8. Kivel Osztjuk Meg Az Adataidat<\/strong><\/h3>\n\n\n\n<p>Mi <strong>k\u00edn\u00e1l<\/strong> eladni vagy \u00e1tadni az adataidat harmadik feleknek.<\/p>\n\n\n\n<p>A technikai napl\u00f3khoz \u00e9s a kapcsolatfelv\u00e9teli \u0171rlap \u00fczeneteihez val\u00f3 hozz\u00e1f\u00e9r\u00e9s csak a k\u00f6vetkez\u0151k sz\u00e1m\u00e1ra \u00e1llhat rendelkez\u00e9sre:<\/p>\n\n\n\n<ul class=\"wp-block-list\">\n<li>a Webhely adminisztr\u00e1tora;<\/li>\n\n\n\n<li>technikai szolg\u00e1ltat\u00f3k (t\u00e1rhely\/infrastrukt\u00fara), ahol sz\u00fcks\u00e9ges a Webhely m\u0171k\u00f6d\u00e9s\u00e9nek fenntart\u00e1s\u00e1hoz.<\/li>\n<\/ul>\n\n\n\n<p>Csak az utas\u00edt\u00e1saink szerint dolgozz\u00e1k fel az adatokat, \u00e9s kiz\u00e1r\u00f3lag a Webhely karbantart\u00e1si c\u00e9ljaira.<\/p>\n\n\n\n<h3 class=\"wp-block-heading\"><strong>9. Mennyi ideig t\u00e1roljuk az adatokat<\/strong><\/h3>\n\n\n\n<ul class=\"wp-block-list\">\n<li>A szervernapl\u00f3kat korl\u00e1tozott ideig t\u00e1rolj\u00e1k, ami a biztons\u00e1g \u00e9s a diagnosztika szempontj\u00e1b\u00f3l sz\u00fcks\u00e9ges, majd t\u00f6rlik vagy fel\u00fcl\u00edrj\u00e1k \u0151ket.<\/li>\n\n\n\n<li>A kapcsolatfelv\u00e9teli \u0171rlap \u00fczeneteit csak addig t\u00e1roljuk, am\u00edg sz\u00fcks\u00e9ges a k\u00e9r\u00e9sed megold\u00e1s\u00e1hoz, \u00e9s azt k\u00f6vet\u0151en t\u00f6r\u00f6lhetj\u00fck \u0151ket.<\/li>\n<\/ul>\n\n\n\n<h3 class=\"wp-block-heading\"><strong>10. Jogai<\/strong><\/h3>\n\n\n\n<p>Ha az EU\/EEA ter\u00fclet\u00e9n tart\u00f3zkodik, jogai vannak a szem\u00e9lyes adataival kapcsolatban, bele\u00e9rtve:<\/p>\n\n\n\n<ul class=\"wp-block-list\">\n<li>az inform\u00e1ci\u00f3k megszerz\u00e9s\u00e9t arr\u00f3l, hogy milyen adatokat dolgozunk fel;<\/li>\n\n\n\n<li>a saj\u00e1t adatai m\u00e1solat\u00e1nak k\u00e9r\u00e9s\u00e9t;<\/li>\n\n\n\n<li>a helyesb\u00edt\u00e9s vagy t\u00f6rl\u00e9s k\u00e9r\u00e9s\u00e9t;<\/li>\n\n\n\n<li>a feldolgoz\u00e1s korl\u00e1toz\u00e1s\u00e1t;<\/li>\n\n\n\n<li>a jogos \u00e9rdek alapj\u00e1n t\u00f6rt\u00e9n\u0151 feldolgoz\u00e1s ellen val\u00f3 tiltakoz\u00e1st;<\/li>\n\n\n\n<li>panaszt tenni a nemzeti adatv\u00e9delmi hat\u00f3s\u00e1g\u00e1n\u00e1l.<\/li>\n<\/ul>\n\n\n\n<p>E jogok gyakorl\u00e1s\u00e1hoz l\u00e9pjen kapcsolatba vel\u00fcnk az al\u00e1bbi \u0171rlapon: https:\/\/bigbassslotgames.com\/contact\/.<\/p>\n\n\n\n<h3 class=\"wp-block-heading\"><strong>11. A politika v\u00e1ltoz\u00e1sai<\/strong><\/h3>\n\n\n\n<p>Friss\u00edthetj\u00fck ezt a politik\u00e1t, ha a webhely funkcionalit\u00e1sa megv\u00e1ltozik vagy a jogi k\u00f6vetelm\u00e9nyek fejl\u0151dnek. A jelenlegi verzi\u00f3 mindig ezen az oldalon lesz k\u00f6zz\u00e9t\u00e9ve.<\/p>","protected":false},"excerpt":{"rendered":"1. Kik vagyunk Big Bass Slot Games (a \u201cWebhely\u201d) a k\u00f6vetkez\u0151 c\u00edmen tal\u00e1lhat\u00f3: https:\/\/bigbassslotgames.com\/. A Webhely inform\u00e1ci\u00f3s jelleg\u0171\u2026","protected":false},"author":1,"featured_media":0,"parent":0,"menu_order":0,"comment_status":"closed","ping_status":"open","template":"","meta":{"csco_display_header_overlay":false,"csco_singular_sidebar":"","csco_page_header_type":"","footnotes":""},"class_list":{"0":"post-3","1":"page","2":"type-page","3":"status-publish","5":"cs-entry"},"aioseo_notices":[],"_links":{"self":[{"href":"https:\/\/bigbassslotgames.com\/hu\/wp-json\/wp\/v2\/pages\/3","targetHints":{"allow":["GET"]}}],"collection":[{"href":"https:\/\/bigbassslotgames.com\/hu\/wp-json\/wp\/v2\/pages"}],"about":[{"href":"https:\/\/bigbassslotgames.com\/hu\/wp-json\/wp\/v2\/types\/page"}],"author":[{"embeddable":true,"href":"https:\/\/bigbassslotgames.com\/hu\/wp-json\/wp\/v2\/users\/1"}],"replies":[{"embeddable":true,"href":"https:\/\/bigbassslotgames.com\/hu\/wp-json\/wp\/v2\/comments?post=3"}],"version-history":[{"count":0,"href":"https:\/\/bigbassslotgames.com\/hu\/wp-json\/wp\/v2\/pages\/3\/revisions"}],"wp:attachment":[{"href":"https:\/\/bigbassslotgames.com\/hu\/wp-json\/wp\/v2\/media?parent=3"}],"curies":[{"name":"wp","href":"https:\/\/api.w.org\/{rel}","templated":true}]}}